{"id":533,"date":"2019-11-21T12:08:26","date_gmt":"2019-11-21T11:08:26","guid":{"rendered":"http:\/\/wykrywanie.podsluchy.pl\/wordpress\/?page_id=533"},"modified":"2024-08-29T15:18:33","modified_gmt":"2024-08-29T13:18:33","slug":"wykrywanie-gps-warszawa","status":"publish","type":"page","link":"https:\/\/wykrywanie.podsluchy.pl\/wordpress\/","title":{"rendered":"Wykrywanie GPS Warszawa"},"content":{"rendered":"\t\t<div data-elementor-type=\"wp-page\" data-elementor-id=\"533\" class=\"elementor elementor-533\" data-elementor-settings=\"[]\">\n\t\t\t\t\t\t<div class=\"elementor-inner\">\n\t\t\t\t\t\t\t<div class=\"elementor-section-wrap\">\n\t\t\t\t\t\t\t<section class=\"elementor-section elementor-top-section elementor-element elementor-element-18a8e9e1 elementor-section-boxed elementor-section-height-default elementor-section-height-default\" data-id=\"18a8e9e1\" data-element_type=\"section\">\n\t\t\t\t\t\t<div class=\"elementor-container elementor-column-gap-default\">\n\t\t\t\t\t\t\t<div class=\"elementor-row\">\n\t\t\t\t\t<div class=\"elementor-column elementor-col-100 elementor-top-column elementor-element elementor-element-12022103\" data-id=\"12022103\" data-element_type=\"column\">\n\t\t\t<div class=\"elementor-column-wrap elementor-element-populated\">\n\t\t\t\t\t\t\t<div class=\"elementor-widget-wrap\">\n\t\t\t\t\t\t<div class=\"elementor-element elementor-element-9af8e67 elementor-widget elementor-widget-text-editor\" data-id=\"9af8e67\" data-element_type=\"widget\" data-widget_type=\"text-editor.default\">\n\t\t\t\t<div class=\"elementor-widget-container\">\n\t\t\t\t\t\t\t\t<div class=\"elementor-text-editor elementor-clearfix\">\n\t\t\t\t\t\t\t\t\t<\/div>\n\t\t\t\t\t\t<\/div>\n\t\t\t\t<\/div>\n\t\t\t\t<div class=\"elementor-element elementor-element-1e89f6e9 elementor-widget elementor-widget-text-editor\" data-id=\"1e89f6e9\" data-element_type=\"widget\" data-widget_type=\"text-editor.default\">\n\t\t\t\t<div class=\"elementor-widget-container\">\n\t\t\t\t\t\t\t\t<div class=\"elementor-text-editor elementor-clearfix\">\n\t\t\t\t<h2>&nbsp;<\/h2>\n<h2 style=\"text-align: center;\">&nbsp;<\/h2>\n<h2 style=\"text-align: center;\">&nbsp;<\/h2>\n<h2 style=\"text-align: center;\">&nbsp;<\/h2>\n<h2 style=\"text-align: center;\">&nbsp;Wykrywanie GPS Warszawa<\/h2>\n<div>&nbsp;<\/div>\n<h2 style=\"text-align: center;\"><iframe loading=\"lazy\" style=\"border: 0;\" tabindex=\"0\" src=\"https:\/\/www.google.com\/maps\/embed?pb=!4v1584540831033!6m8!1m7!1sCAoSLEFGMVFpcE8wSmlVYWRqTUFTemJPZzFZTjdHUHJQeTlaUnhyazAyWmwyNTB3!2m2!1d52.26276319999999!2d20.92813109999997!3f332.9859497132024!4f-26.571585465901983!5f0.4000000000000002\" width=\"600\" height=\"450\" frameborder=\"0\" allowfullscreen=\"allowfullscreen\" aria-hidden=\"false\"><\/iframe><\/h2>\n<p><a href=\"https:\/\/wykrywanie.podsluchy.pl\/wordpress\/wp-content\/uploads\/2020\/03\/kryminalistyka-scaled.jpg\"><img loading=\"lazy\" class=\"alignleft wp-image-708 size-full\" style=\"border: 1px solid #000000;\" title=\"Ustanowienie na funkcj\u0119 Bieg\u0142ego S\u0105dowego.\" src=\"https:\/\/wykrywanie.podsluchy.pl\/wordpress\/wp-content\/uploads\/2020\/03\/kryminalistyka-m.jpg\" alt=\"wykrywanie GPS Warszawa\" width=\"124\" height=\"200\"\/><\/a><\/p>\n<p class=\"caption\" style=\"text-align: justify;\"><strong>Wykrywanie GPS Warszawa<\/strong>&nbsp; Euro-Soft.&nbsp;<\/p><p class=\"caption\" style=\"text-align: justify;\">Do wykrywania GPS u\u017cywamy zestaw pomiarowego RTS-105w. Osoba zlecaj\u0105ca wykrywanie GPS bierze czynny udzia\u0142 w pomiarach i w odczycie wskaza\u0144 przyrz\u0105d\u00f3w.&nbsp;&nbsp;<\/p>\n<h2 style=\"text-align: center;\"><strong>Wykrywanie GPS to kwota 500 z\u0142<\/strong><\/h2>\n<p class=\"caption\" style=\"text-align: justify;\"><strong>Wykrywanie GPS<\/strong>&nbsp; wymaga realizowania odpowiednich procedury. Pomiary wykonywane w czasie wykrywania GPS powinny by\u0107 realizowane z dala od innych samochod\u00f3w a tak\u017ce z dala od os\u00f3b fizycznych. Rygorystyczne podej\u015bcie do miejsca wykonania pomiar\u00f3w ma na celu wyeliminowanie wszystkich przypadkowych modu\u0142\u00f3w GSM, kt\u00f3re mog\u0105 sfa\u0142szowa\u0107 wyniki pomiar\u00f3w. Nale\u017cy tak\u017ce za\u0142o\u017cy\u0107 \u017ce poszukiwany lokalizator GPS jest sprawny i prawid\u0142owo pracuje, czyli posiada odpowiednie zasilanie i jego karta SIM pozwala mu na po\u0142\u0105czenie si\u0119 z operatorem sieci GSM. Przy tak okre\u015blonych warunkach brzegowych wykonujemy czynno\u015bci wymuszaj\u0105ce emisj\u0119 ujawniaj\u0105c\u0105 modu\u0142 GSM lokalizatora GPS.&nbsp;<\/p>\n<p class=\"caption\" style=\"text-align: justify;\">Emisja ujawniaj\u0105ca trwa ok. dwie sekundy i sk\u0142ada si\u0119 z trzech charakterystycznych pik\u00f3w &#8211; impuls\u00f3w.&nbsp;<\/p>\n<p class=\"caption\" style=\"text-align: justify;\">Dodatkowo wykonujemy pomiar otwarcia bramki po\u0142\u0105czenia modu\u0142u GSM. Skuteczno\u015b\u0107 opisanej powy\u017cej metody wykrywania lokalizatora GPS w samochodzie zale\u017cy od miejsce w kt\u00f3rym s\u0105 wykonanie pomiary. Miejsce to musi charakteryzowa\u0107 si\u0119 niskim poziomem promieniowania t\u0142a elektromagnetycznego.<\/p>\n<h2 style=\"text-align: center;\"><br \/><\/h2>\n<p><img loading=\"lazy\" class=\"aligncenter wp-image-818\" title=\"Analiza widma sygna\u0142u emitowanego przez NotiOne\" src=\"https:\/\/wykrywanie.podsluchy.pl\/wordpress\/wp-content\/uploads\/2020\/07\/NotiOne-1.jpg\" alt=\"&nbsp;Wykrywanie GPS Warszawa\" width=\"640\" height=\"431\" srcset=\"https:\/\/wykrywanie.podsluchy.pl\/wordpress\/wp-content\/uploads\/2020\/07\/NotiOne-1.jpg 743w, https:\/\/wykrywanie.podsluchy.pl\/wordpress\/wp-content\/uploads\/2020\/07\/NotiOne-1-300x202.jpg 300w, https:\/\/wykrywanie.podsluchy.pl\/wordpress\/wp-content\/uploads\/2020\/07\/NotiOne-1-520x350.jpg 520w\" sizes=\"(max-width: 640px) 100vw, 640px\" \/><\/p><div>\n<h3 style=\"text-align: center;\"><strong>Nale\u017cy pami\u0119ta\u0107 :<\/strong><\/h3>\n<p class=\"caption\" style=\"text-align: justify;\"><img loading=\"lazy\" class=\"alignleft\" style=\"border: 2px solid black;\" title=\"Wykrywanie GPS Warszawa wykonywane jest prezentowanym sprz\u0119tem. Skuteczno\u015b\u0107 wykrywania w tym przypadku jest bardzo niska.\" src=\"http:\/\/www.euro-soft.pl\/media\/upload\/images\/euro-soft_-21\/untitled_28.jpg\" alt=\"&nbsp;Wykrywanie GPS Warszawa\" width=\"498\" height=\"136\"\/><\/p>\n<p class=\"caption\" style=\"text-align: justify;\">&nbsp;Stosowanie sprz\u0119tu zakupionego na ALLEGRO typu mierniki &nbsp;cz\u0119stotliwo\u015bci ACECO lub generatory samowzbudne z zapalaj\u0105cymi si\u0119 diodami &nbsp;jest absolutnym nieporozumieniem. Fakt ten \u015bwiadczy o braku wiedzy w zakresie <a href=\"https:\/\/www.euro-soft.pl\/joomla\/index.php\/8-oferty\/13-wykrywanie-gps-warszawa\"><strong>wykrywania GPS <\/strong><\/a>w samochodzie przez osoby robi\u0105ce tego typu pomiary. Nale\u017cy nadmieni\u0107 \u017ce czas trwania sygna\u0142u ujawniaj\u0105cego to zaledwie dwie sekundy.&nbsp; Dlatego prawid\u0142owa interpretacja tak kr\u00f3tkiego sygna\u0142u wymaga zastosowania bardzo czu\u0142ego sprz\u0119tu. Poza tym w czasie jazdy samoch\u00f3d&nbsp; &#8222;wje\u017cd\u017ca&#8221; w zasi\u0119g innych sygna\u0142\u00f3w , kt\u00f3re powoduj\u0105 skutecznie zamazanie i zniekszta\u0142cenie wynik\u00f3w pomiar\u00f3w. Wykrywanie GPS Warszawa z wykorzystaniem analizatora RAKSA jest skazane na niepowodzenie. Powodem jest ma\u0142a czu\u0142o\u015b\u0107 tego urz\u0105dzenia a to oznacza \u017ce pomiar&nbsp; RAKS\u0104 jest zbyt wolno.<\/p>\n<h4 style=\"text-align: center;\"><br \/><\/h4>\n<h4 style=\"text-align: center;\"><strong>&nbsp;Wykrywanie GPS w samochodzie<\/strong><\/h4>\n<p style=\"text-align: center;\"><a href=\"https:\/\/wykrywanie.podsluchy.pl\/wordpress\/wp-content\/uploads\/2020\/03\/wykrywanie-GPS.jpg\"><img loading=\"lazy\" class=\"alignnone wp-image-693 size-full\" title=\"Wykrywanie GPS Warszawa obejmuje tak\u017ce analiz\u0119 karty SIM zainstalowanej w lokalizatorze GPS.\" src=\"https:\/\/wykrywanie.podsluchy.pl\/wordpress\/wp-content\/uploads\/2020\/03\/wykrywanie-GPS.jpg\" alt=\"&nbsp;Wykrywanie GPS Warszawa\" width=\"804\" height=\"301\" srcset=\"https:\/\/wykrywanie.podsluchy.pl\/wordpress\/wp-content\/uploads\/2020\/03\/wykrywanie-GPS.jpg 804w, https:\/\/wykrywanie.podsluchy.pl\/wordpress\/wp-content\/uploads\/2020\/03\/wykrywanie-GPS-300x112.jpg 300w, https:\/\/wykrywanie.podsluchy.pl\/wordpress\/wp-content\/uploads\/2020\/03\/wykrywanie-GPS-768x288.jpg 768w, https:\/\/wykrywanie.podsluchy.pl\/wordpress\/wp-content\/uploads\/2020\/03\/wykrywanie-GPS-800x301.jpg 800w\" sizes=\"(max-width: 804px) 100vw, 804px\" \/><\/a><\/p>\n<p class=\"caption\" style=\"text-align: justify;\"><br \/><\/p><p class=\"caption\" style=\"text-align: justify;\">Wykrywanie GPS w samochodzie wykonywane jest zar\u00f3wno w kabinie samochodu jak i w podwoziu. Jednak ka\u017cda metoda ma swoje wady i zalety. Niezaprzeczaln\u0105 zalet\u0105 monta\u017cu lokalizatora w kabinie samochodu jest mo\u017cliwo\u015b\u0107 prowadzenie pods\u0142uchu rozm\u00f3w. Jednak nale\u017cy zawsze pami\u0119ta\u0107, \u017ce pods\u0142uchiwanie jest bardzo energoch\u0142onne. W przypadku zastosowania zasilania z w\u0142asnego pakietu akumulator\u00f3w, bardzo skraca czas pracy lokalizatora GPS.&nbsp; Najlepszym rozwi\u0105zaniem jest umieszczenie lokalizatora w kabinie z jednoczesnym pod\u0142\u0105czeniem go do akumulatora samochodowego.&nbsp;<\/p>\n<p class=\"caption\" style=\"text-align: justify;\">Niestety, takie mo\u017cliwo\u015bci ma jedynie wsp\u00f3\u0142u\u017cytkownik pojazdu, ewentualnie pracownik serwisu, gdzie ka\u017cdy samoch\u00f3d wcze\u015bniej czy p\u00f3\u017aniej trafia. Jednak najcz\u0119\u015bciej lokalizatory GPS umieszcza si\u0119 pod pojazdem. W tym przypadku nale\u017cy zna\u0107 budow\u0119 samochodu i dok\u0142adnie wiedzie\u0107, gdzie wyst\u0119puj\u0105 powierzchnie metalowe do kt\u00f3rych mo\u017cna przyczepi\u0107 neodymowe magnesy mocuj\u0105ce. Nale\u017cy jednak unika\u0107 powierzchni zabezpieczonych materia\u0142em antykorozyjnym. R\u00f3wnie\u017c bardzo niekorzystnym miejscem jest &#8222;podbrzusze&#8221; samochodu.<\/p>\n<h4 style=\"text-align: center;\"><a style=\"font-family: Raleway; font-weight: 300; font-size: 1.52em;\" href=\"https:\/\/wykrywanie.podsluchy.pl\/wordpress\/?page_id=706\">&nbsp;<strong>Wykrywanie GPS Warszawa<\/strong><\/a><\/h4>\n<div class=\"vcard\">\n<p class=\"org\" style=\"text-align: center;\"><img loading=\"lazy\" class=\"alignnone wp-image-641 size-full\" src=\"https:\/\/wykrywanie.podsluchy.pl\/wordpress\/wp-content\/uploads\/2020\/03\/logo.jpg\" alt=\"&nbsp;Wykrywanie GPS Warszawa\" width=\"161\" height=\"94\"\/><\/p>\n<p class=\"org\" style=\"text-align: center;\">info@euro-soft.pl<br \/>Warszawa 01-466<br \/>te. 501-159-903<\/p>\n<p style=\"text-align: center;\"><span style=\"font-size: 14pt;\">&nbsp;ee<\/span><\/p>\n<\/div>\n<\/div>\t\t\t\t\t<\/div>\n\t\t\t\t\t\t<\/div>\n\t\t\t\t<\/div>\n\t\t\t\t\t\t<\/div>\n\t\t\t\t\t<\/div>\n\t\t<\/div>\n\t\t\t\t\t\t\t\t<\/div>\n\t\t\t\t\t<\/div>\n\t\t<\/section>\n\t\t\t\t\t\t<\/div>\n\t\t\t\t\t\t<\/div>\n\t\t\t\t\t<\/div>\n\t\t","protected":false},"excerpt":{"rendered":"<p>&nbsp; &nbsp; &nbsp; &nbsp; &nbsp;Wykrywanie GPS Warszawa &nbsp; Wykrywanie GPS Warszawa&nbsp; Euro-Soft.&nbsp; Do wykrywania GPS u\u017cywamy zestaw pomiarowego RTS-105w. Osoba zlecaj\u0105ca wykrywanie GPS bierze czynny udzia\u0142 w pomiarach i w odczycie wskaza\u0144 przyrz\u0105d\u00f3w.&nbsp;&nbsp; Wykrywanie GPS to kwota 500 z\u0142 Wykrywanie GPS&nbsp; wymaga realizowania odpowiednich procedury. Pomiary wykonywane w czasie wykrywania &hellip;<\/p>\n","protected":false},"author":2,"featured_media":985,"parent":0,"menu_order":0,"comment_status":"closed","ping_status":"closed","template":"elementor_header_footer","meta":[],"_links":{"self":[{"href":"https:\/\/wykrywanie.podsluchy.pl\/wordpress\/index.php?rest_route=\/wp\/v2\/pages\/533"}],"collection":[{"href":"https:\/\/wykrywanie.podsluchy.pl\/wordpress\/index.php?rest_route=\/wp\/v2\/pages"}],"about":[{"href":"https:\/\/wykrywanie.podsluchy.pl\/wordpress\/index.php?rest_route=\/wp\/v2\/types\/page"}],"author":[{"embeddable":true,"href":"https:\/\/wykrywanie.podsluchy.pl\/wordpress\/index.php?rest_route=\/wp\/v2\/users\/2"}],"replies":[{"embeddable":true,"href":"https:\/\/wykrywanie.podsluchy.pl\/wordpress\/index.php?rest_route=%2Fwp%2Fv2%2Fcomments&post=533"}],"version-history":[{"count":271,"href":"https:\/\/wykrywanie.podsluchy.pl\/wordpress\/index.php?rest_route=\/wp\/v2\/pages\/533\/revisions"}],"predecessor-version":[{"id":1007,"href":"https:\/\/wykrywanie.podsluchy.pl\/wordpress\/index.php?rest_route=\/wp\/v2\/pages\/533\/revisions\/1007"}],"wp:featuredmedia":[{"embeddable":true,"href":"https:\/\/wykrywanie.podsluchy.pl\/wordpress\/index.php?rest_route=\/wp\/v2\/media\/985"}],"wp:attachment":[{"href":"https:\/\/wykrywanie.podsluchy.pl\/wordpress\/index.php?rest_route=%2Fwp%2Fv2%2Fmedia&parent=533"}],"curies":[{"name":"wp","href":"https:\/\/api.w.org\/{rel}","templated":true}]}}