{"id":706,"date":"2020-03-17T20:02:48","date_gmt":"2020-03-17T19:02:48","guid":{"rendered":"https:\/\/wykrywanie.podsluchy.pl\/wordpress\/?page_id=706"},"modified":"2021-11-29T13:48:18","modified_gmt":"2021-11-29T12:48:18","slug":"wykrywanie-gps","status":"publish","type":"page","link":"https:\/\/wykrywanie.podsluchy.pl\/wordpress\/?page_id=706","title":{"rendered":"Kontakt"},"content":{"rendered":"\t\t<div data-elementor-type=\"wp-page\" data-elementor-id=\"706\" class=\"elementor elementor-706\" data-elementor-settings=\"[]\">\n\t\t\t\t\t\t<div class=\"elementor-inner\">\n\t\t\t\t\t\t\t<div class=\"elementor-section-wrap\">\n\t\t\t\t\t\t\t<section class=\"elementor-section elementor-top-section elementor-element elementor-element-79675841 elementor-section-boxed elementor-section-height-default elementor-section-height-default\" data-id=\"79675841\" data-element_type=\"section\">\n\t\t\t\t\t\t<div class=\"elementor-container elementor-column-gap-default\">\n\t\t\t\t\t\t\t<div class=\"elementor-row\">\n\t\t\t\t\t<div class=\"elementor-column elementor-col-100 elementor-top-column elementor-element elementor-element-2969d9c4\" data-id=\"2969d9c4\" data-element_type=\"column\">\n\t\t\t<div class=\"elementor-column-wrap elementor-element-populated\">\n\t\t\t\t\t\t\t<div class=\"elementor-widget-wrap\">\n\t\t\t\t\t\t<div class=\"elementor-element elementor-element-62d9e311 elementor-widget elementor-widget-text-editor\" data-id=\"62d9e311\" data-element_type=\"widget\" data-widget_type=\"text-editor.default\">\n\t\t\t\t<div class=\"elementor-widget-container\">\n\t\t\t\t\t\t\t\t<div class=\"elementor-text-editor elementor-clearfix\">\n\t\t\t\t<h2 style=\"text-align: center;\"><img loading=\"lazy\" class=\"alignnone size-full wp-image-641\" src=\"https:\/\/wykrywanie.podsluchy.pl\/wordpress\/wp-content\/uploads\/2020\/03\/logo.jpg\" alt=\"wykrywanie gps warszawa\" width=\"161\" height=\"94\" \/><\/h2><p style=\"text-align: center;\"><span style=\"font-size: 14pt;\">01-466 Warszawa ul. Powsta\u0144c\u00f3w \u015al\u0105skich 124 p.5<\/span><br \/><span style=\"font-size: 14pt;\">tel. kom. 501-159-903<\/span><\/p><p style=\"text-align: center;\"><span style=\"font-size: 14pt;\">e-mail: info@euro-soft.pl<\/span><br \/><span style=\"font-size: 14pt;\">Godziny otwarcia\u00a0pon.-pt. 11.00-18.00<\/span><br \/><span style=\"font-size: 14pt;\">Dojazd.<\/span><br \/><span style=\"font-size: 14pt;\">Autobus: 112, 122, 171, 184, 220.<\/span><br \/><span style=\"font-size: 14pt;\">Tramwaj:\u00a0 28, 35, 10, 23, 24, 26.<\/span><\/p><p style=\"text-align: center;\"><span style=\"font-size: 14pt;\">Centrum Handlowe Bemowo pawilon 5<br \/><a href=\"https:\/\/www.google.pl\/maps\/place\/Wykrywanie+pods%C5%82uch%C3%B3w.+Wykrywanie+GPS.+Mikro+s%C5%82uchawka.+Odczyt+skasowanych+SMS.+Mini+dyktafon.\/@52.262555,20.9278333,18z\/data=!4m8!1m2!2m1!1sEuro-Soft!3m4!1s0x471eca52b70fc705:0x58672abdf1891ccb!8m2!3d52.2627112!4d20.92806\"><img loading=\"lazy\" class=\"alignnone wp-image-472 size-full\" src=\"https:\/\/wykrywanie.podsluchy.pl\/wordpress\/wp-content\/uploads\/2019\/07\/mapazlogo.jpg\" alt=\"wykrywanie GPS\" width=\"563\" height=\"527\" srcset=\"https:\/\/wykrywanie.podsluchy.pl\/wordpress\/wp-content\/uploads\/2019\/07\/mapazlogo.jpg 563w, https:\/\/wykrywanie.podsluchy.pl\/wordpress\/wp-content\/uploads\/2019\/07\/mapazlogo-300x281.jpg 300w\" sizes=\"(max-width: 563px) 100vw, 563px\" \/><\/a><br \/><\/span><\/p><p style=\"text-align: center;\"><a href=\"https:\/\/wykrywanie.podsluchy.pl\/\">Wykrywanie GPS <\/a><\/p>\t\t\t\t\t<\/div>\n\t\t\t\t\t\t<\/div>\n\t\t\t\t<\/div>\n\t\t\t\t\t\t<\/div>\n\t\t\t\t\t<\/div>\n\t\t<\/div>\n\t\t\t\t\t\t\t\t<\/div>\n\t\t\t\t\t<\/div>\n\t\t<\/section>\n\t\t\t\t\t\t<\/div>\n\t\t\t\t\t\t<\/div>\n\t\t\t\t\t<\/div>\n\t\t","protected":false},"excerpt":{"rendered":"<p>01-466 Warszawa ul. Powsta\u0144c\u00f3w \u015al\u0105skich 124 p.5tel. kom. 501-159-903 e-mail: info@euro-soft.plGodziny otwarcia\u00a0pon.-pt. 11.00-18.00Dojazd.Autobus: 112, 122, 171, 184, 220.Tramwaj:\u00a0 28, 35, 10, 23, 24, 26. Centrum Handlowe Bemowo pawilon 5 Wykrywanie GPS<\/p>\n","protected":false},"author":2,"featured_media":985,"parent":0,"menu_order":0,"comment_status":"closed","ping_status":"closed","template":"","meta":[],"_links":{"self":[{"href":"https:\/\/wykrywanie.podsluchy.pl\/wordpress\/index.php?rest_route=\/wp\/v2\/pages\/706"}],"collection":[{"href":"https:\/\/wykrywanie.podsluchy.pl\/wordpress\/index.php?rest_route=\/wp\/v2\/pages"}],"about":[{"href":"https:\/\/wykrywanie.podsluchy.pl\/wordpress\/index.php?rest_route=\/wp\/v2\/types\/page"}],"author":[{"embeddable":true,"href":"https:\/\/wykrywanie.podsluchy.pl\/wordpress\/index.php?rest_route=\/wp\/v2\/users\/2"}],"replies":[{"embeddable":true,"href":"https:\/\/wykrywanie.podsluchy.pl\/wordpress\/index.php?rest_route=%2Fwp%2Fv2%2Fcomments&post=706"}],"version-history":[{"count":19,"href":"https:\/\/wykrywanie.podsluchy.pl\/wordpress\/index.php?rest_route=\/wp\/v2\/pages\/706\/revisions"}],"predecessor-version":[{"id":999,"href":"https:\/\/wykrywanie.podsluchy.pl\/wordpress\/index.php?rest_route=\/wp\/v2\/pages\/706\/revisions\/999"}],"wp:featuredmedia":[{"embeddable":true,"href":"https:\/\/wykrywanie.podsluchy.pl\/wordpress\/index.php?rest_route=\/wp\/v2\/media\/985"}],"wp:attachment":[{"href":"https:\/\/wykrywanie.podsluchy.pl\/wordpress\/index.php?rest_route=%2Fwp%2Fv2%2Fmedia&parent=706"}],"curies":[{"name":"wp","href":"https:\/\/api.w.org\/{rel}","templated":true}]}}